{"id":855,"date":"2022-01-24T09:31:12","date_gmt":"2022-01-24T09:31:12","guid":{"rendered":"https:\/\/www.ceml.org\/?page_id=855"},"modified":"2022-09-20T02:56:34","modified_gmt":"2022-09-20T02:56:34","slug":"information-for-patients","status":"publish","type":"page","link":"https:\/\/www.ceml.org\/pt\/information-for-patients\/","title":{"rendered":"Informa\u00e7\u00e3o CEML para os Pacientes"},"content":{"rendered":"<p>Mais informa\u00e7\u00e3o sobre o CEML est\u00e1 dispon\u00edvel neste documento:<\/p>\n\n\n\n<div class=\"wp-block-file\"><a href=\"https:\/\/www.ceml.org\/wp-content\/uploads\/2022\/09\/CEML-22.pdf\">CEML<\/a><a href=\"https:\/\/www.ceml.org\/wp-content\/uploads\/2022\/09\/CEML-22.pdf\" class=\"wp-block-file__button\" download>Download<\/a><\/div>\n\n\n\n<p><\/p>","protected":false},"excerpt":{"rendered":"<p>Mais informa\u00e7\u00e3o sobre o CEML est\u00e1 dispon\u00edvel neste documento:<\/p>","protected":false},"author":1,"featured_media":0,"parent":0,"menu_order":0,"comment_status":"closed","ping_status":"closed","template":"","meta":[],"_links":{"self":[{"href":"https:\/\/www.ceml.org\/pt\/wp-json\/wp\/v2\/pages\/855"}],"collection":[{"href":"https:\/\/www.ceml.org\/pt\/wp-json\/wp\/v2\/pages"}],"about":[{"href":"https:\/\/www.ceml.org\/pt\/wp-json\/wp\/v2\/types\/page"}],"author":[{"embeddable":true,"href":"https:\/\/www.ceml.org\/pt\/wp-json\/wp\/v2\/users\/1"}],"replies":[{"embeddable":true,"href":"https:\/\/www.ceml.org\/pt\/wp-json\/wp\/v2\/comments?post=855"}],"version-history":[{"count":10,"href":"https:\/\/www.ceml.org\/pt\/wp-json\/wp\/v2\/pages\/855\/revisions"}],"predecessor-version":[{"id":922,"href":"https:\/\/www.ceml.org\/pt\/wp-json\/wp\/v2\/pages\/855\/revisions\/922"}],"wp:attachment":[{"href":"https:\/\/www.ceml.org\/pt\/wp-json\/wp\/v2\/media?parent=855"}],"curies":[{"name":"wp","href":"https:\/\/api.w.org\/{rel}","templated":true}]}}